{"id":2690,"date":"2023-11-08T15:17:48","date_gmt":"2023-11-08T14:17:48","guid":{"rendered":"https:\/\/artess.no\/?page_id=2690"},"modified":"2024-01-09T13:27:59","modified_gmt":"2024-01-09T12:27:59","slug":"kurs","status":"publish","type":"page","link":"https:\/\/artess.no\/en_gb\/kurs\/","title":{"rendered":"Education"},"content":{"rendered":"<div data-elementor-type=\"wp-page\" data-elementor-id=\"2690\" class=\"elementor elementor-2690\" data-elementor-post-type=\"page\">\n\t\t\t\t\t\t<section class=\"elementor-section elementor-top-section elementor-element elementor-element-b91b26e elementor-section-full_width elementor-section-height-default elementor-section-height-default\" data-id=\"b91b26e\" data-element_type=\"section\" data-e-type=\"section\" data-settings=\"{&quot;background_background&quot;:&quot;classic&quot;}\">\n\t\t\t\t\t\t<div class=\"elementor-container elementor-column-gap-default\">\n\t\t\t\t\t<div class=\"elementor-column elementor-col-100 elementor-top-column elementor-element elementor-element-cc71f94\" data-id=\"cc71f94\" data-element_type=\"column\" data-e-type=\"column\">\n\t\t\t<div class=\"elementor-widget-wrap elementor-element-populated\">\n\t\t\t\t\t\t<div class=\"elementor-element elementor-element-e3ce9c5 elementor-widget elementor-widget-template\" data-id=\"e3ce9c5\" data-element_type=\"widget\" data-e-type=\"widget\" data-widget_type=\"template.default\">\n\t\t\t\t<div class=\"elementor-widget-container\">\n\t\t\t\t\t\t\t<div class=\"elementor-template\">\n\t\t\t\t\t<div data-elementor-type=\"page\" data-elementor-id=\"2706\" class=\"elementor elementor-2706\" data-elementor-post-type=\"elementor_library\">\n\t\t\t\t\t\t<section class=\"elementor-section elementor-top-section elementor-element elementor-element-2e36617b elementor-section-height-min-height elementor-section-content-middle elementor-section-boxed elementor-section-height-default elementor-section-items-middle\" data-id=\"2e36617b\" data-element_type=\"section\" data-e-type=\"section\" data-settings=\"{&quot;background_background&quot;:&quot;classic&quot;}\">\n\t\t\t\t\t\t<div class=\"elementor-container elementor-column-gap-no\">\n\t\t\t\t\t<div class=\"elementor-column elementor-col-100 elementor-top-column elementor-element elementor-element-1821c086\" data-id=\"1821c086\" data-element_type=\"column\" data-e-type=\"column\">\n\t\t\t<div class=\"elementor-widget-wrap elementor-element-populated\">\n\t\t\t\t\t\t<section class=\"elementor-section elementor-inner-section elementor-element elementor-element-d811199 elementor-section-boxed elementor-section-height-default elementor-section-height-default\" data-id=\"d811199\" data-element_type=\"section\" data-e-type=\"section\">\n\t\t\t\t\t\t<div class=\"elementor-container elementor-column-gap-default\">\n\t\t\t\t\t<div class=\"elementor-column elementor-col-50 elementor-inner-column elementor-element elementor-element-311d19c\" data-id=\"311d19c\" data-element_type=\"column\" data-e-type=\"column\">\n\t\t\t<div class=\"elementor-widget-wrap elementor-element-populated\">\n\t\t\t\t\t\t<div class=\"elementor-element elementor-element-5d0d7f0b elementor-widget elementor-widget-heading\" data-id=\"5d0d7f0b\" data-element_type=\"widget\" data-e-type=\"widget\" data-settings=\"{&quot;_animation&quot;:&quot;none&quot;,&quot;_animation_delay&quot;:&quot;200&quot;}\" data-widget_type=\"heading.default\">\n\t\t\t\t<div class=\"elementor-widget-container\">\n\t\t\t\t\t<h1 class=\"elementor-heading-title elementor-size-default\">Hvordan tjene penger p\u00e5 kunst? <\/h1>\t\t\t\t<\/div>\n\t\t\t\t<\/div>\n\t\t\t\t<div class=\"elementor-element elementor-element-1ea645cc animated-slow elementor-invisible elementor-widget elementor-widget-text-editor\" data-id=\"1ea645cc\" data-element_type=\"widget\" data-e-type=\"widget\" data-settings=\"{&quot;_animation&quot;:&quot;fadeIn&quot;,&quot;_animation_tablet&quot;:&quot;none&quot;,&quot;_animation_delay&quot;:&quot;200&quot;}\" data-widget_type=\"text-editor.default\">\n\t\t\t\t<div class=\"elementor-widget-container\">\n\t\t\t\t\t\t\t\t\t<p>Kunstnerisk suksess uten en plan er som \u00e5 seile uten kompass \u2013 du kan ende opp hvor som helst! Med strategi og veiledning blir havene mye lettere \u00e5 navigere.<br \/>S\u00e5, hvordan unng\u00e5r du \u00e5 g\u00e5 deg vill i informasjonsjungelen og faktisk lever av kunsten din?\u00a0<\/p><p>I dette webinarer f\u00e5r du akkurat det du trenger!<\/p>\t\t\t\t\t\t\t\t<\/div>\n\t\t\t\t<\/div>\n\t\t\t\t<div class=\"elementor-element elementor-element-d837e8c elementor-widget elementor-widget-eael-cta-box\" data-id=\"d837e8c\" data-element_type=\"widget\" data-e-type=\"widget\" data-widget_type=\"eael-cta-box.default\">\n\t\t\t\t<div class=\"elementor-widget-container\">\n\t\t\t\t\t\t\t\t<div class=\"eael-call-to-action cta-flex bg-lite cta-preset-2\">\n\t    <div class=\"content\">\n            <h2 class=\"title eael-cta-heading\">Bli med N\u00c5<\/h2><p><strong>Kursavgift: 300,- <\/strong><br \/><strong>VIPPS til 984 30 002<\/strong><\/p>\t    <\/div>\n\t    <div class=\"action\">\n\t        <a href=\"https:\/\/events.teams.microsoft.com\/event\/145cd9ef-bfae-4509-ad0d-2f8781c08306@8ff7daec-b1d7-4a82-b057-e8f43ab1a085\" class=\"cta-button cta-preset-2 cta-btn-preset-2 effect-2\"><span class=\"btn-icon\"><i class=\"far fa-hand-point-right\"><\/i><\/span>REGISTRER DEG HER<\/a>\t    <\/div>\n\t<\/div>\n\t\t\t\t\t\t\t<\/div>\n\t\t\t\t<\/div>\n\t\t\t\t\t<\/div>\n\t\t<\/div>\n\t\t\t\t<div class=\"elementor-column elementor-col-50 elementor-inner-column elementor-element elementor-element-69408d4\" data-id=\"69408d4\" data-element_type=\"column\" data-e-type=\"column\">\n\t\t\t<div class=\"elementor-widget-wrap elementor-element-populated\">\n\t\t\t\t\t\t<div class=\"elementor-element elementor-element-86cf61a elementor-invisible elementor-widget elementor-widget-heading\" data-id=\"86cf61a\" data-element_type=\"widget\" data-e-type=\"widget\" data-settings=\"{&quot;_animation&quot;:&quot;fadeIn&quot;,&quot;_animation_tablet&quot;:&quot;none&quot;}\" data-widget_type=\"heading.default\">\n\t\t\t\t<div class=\"elementor-widget-container\">\n\t\t\t\t\t<h2 class=\"elementor-heading-title elementor-size-default\">Hva er fordelene ved \u00e5 delta?<\/h2>\t\t\t\t<\/div>\n\t\t\t\t<\/div>\n\t\t\t\t<div class=\"elementor-element elementor-element-7cae49a elementor-widget elementor-widget-text-editor\" data-id=\"7cae49a\" data-element_type=\"widget\" data-e-type=\"widget\" data-widget_type=\"text-editor.default\">\n\t\t\t\t<div class=\"elementor-widget-container\">\n\t\t\t\t\t\t\t\t\t<p><strong>I tillegg til \u00e5 f\u00e5 verdifull praktisk informasjon f\u00e5r du ogs\u00e5:<\/strong><\/p>\n<ul>\n<li><b>Kunstkalkulatoren<\/b> som hjelper deg \u00e5 prissette alt du lager<\/li>\n<li>Du er automatisk med i konkurransen om \u00e5 <b>vinne<\/b> to timers <b>GRATIS strategikurs<\/b>, der vi g\u00e5r igjennom DIN dr\u00f8m om \u00e5 tjene penger p\u00e5 kunst<\/li>\n<\/ul>\t\t\t\t\t\t\t\t<\/div>\n\t\t\t\t<\/div>\n\t\t\t\t<div class=\"elementor-element elementor-element-647be0d elementor-widget elementor-widget-heading\" data-id=\"647be0d\" data-element_type=\"widget\" data-e-type=\"widget\" data-widget_type=\"heading.default\">\n\t\t\t\t<div class=\"elementor-widget-container\">\n\t\t\t\t\t<h4 class=\"elementor-heading-title elementor-size-default\">Emner vi g\u00e5r igjennom:<\/h4>\t\t\t\t<\/div>\n\t\t\t\t<\/div>\n\t\t\t\t<div class=\"elementor-element elementor-element-7b336b elementor-icon-list--layout-traditional elementor-list-item-link-full_width elementor-widget elementor-widget-icon-list\" data-id=\"7b336b\" data-element_type=\"widget\" data-e-type=\"widget\" data-widget_type=\"icon-list.default\">\n\t\t\t\t<div class=\"elementor-widget-container\">\n\t\t\t\t\t\t\t<ul class=\"elementor-icon-list-items\">\n\t\t\t\t\t\t\t<li class=\"elementor-icon-list-item\">\n\t\t\t\t\t\t\t\t\t\t\t<span class=\"elementor-icon-list-icon\">\n\t\t\t\t\t\t\t<svg xmlns=\"http:\/\/www.w3.org\/2000\/svg\" id=\"aa2d14e5-1688-42e9-8240-8d1bbb427367\" data-name=\"Layer 1\" width=\"9\" height=\"10\" viewbox=\"0 0 9 10\"><g id=\"a0c98791-756b-42b0-b163-ecedf0504ecc\" data-name=\"Landing-Chosen-Page\"><g id=\"ba6d7fa8-2208-4d73-a24e-af51559ab399\" data-name=\"Webinar-Landing-Page-Design\"><g id=\"b6b491e5-1319-4730-82f7-e083dc2f4cbb\" data-name=\"Group-6\"><g id=\"afae180f-7e8a-4548-add7-b74b1731cf47\" data-name=\"Group-5\"><polygon id=\"f81b5b3b-cc72-4319-a434-67c503dc0647\" data-name=\"Triangle\" points=\"9 5 0 10 0 0 9 5\" style=\"fill-rule:evenodd\"><\/polygon><\/g><\/g><\/g><\/g><\/svg>\t\t\t\t\t\t<\/span>\n\t\t\t\t\t\t\t\t\t\t<span class=\"elementor-icon-list-text\">Hobby eller bedrift? B\u00f8r du jobbe med kunst?<\/span>\n\t\t\t\t\t\t\t\t\t<\/li>\n\t\t\t\t\t\t\t\t<li class=\"elementor-icon-list-item\">\n\t\t\t\t\t\t\t\t\t\t\t<span class=\"elementor-icon-list-icon\">\n\t\t\t\t\t\t\t<svg xmlns=\"http:\/\/www.w3.org\/2000\/svg\" id=\"aa2d14e5-1688-42e9-8240-8d1bbb427367\" data-name=\"Layer 1\" width=\"9\" height=\"10\" viewbox=\"0 0 9 10\"><g id=\"a0c98791-756b-42b0-b163-ecedf0504ecc\" data-name=\"Landing-Chosen-Page\"><g id=\"ba6d7fa8-2208-4d73-a24e-af51559ab399\" data-name=\"Webinar-Landing-Page-Design\"><g id=\"b6b491e5-1319-4730-82f7-e083dc2f4cbb\" data-name=\"Group-6\"><g id=\"afae180f-7e8a-4548-add7-b74b1731cf47\" data-name=\"Group-5\"><polygon id=\"f81b5b3b-cc72-4319-a434-67c503dc0647\" data-name=\"Triangle\" points=\"9 5 0 10 0 0 9 5\" style=\"fill-rule:evenodd\"><\/polygon><\/g><\/g><\/g><\/g><\/svg>\t\t\t\t\t\t<\/span>\n\t\t\t\t\t\t\t\t\t\t<span class=\"elementor-icon-list-text\">Prissetting av bilder: Vi g\u00e5r igjennom kunstkalkulatoren<\/span>\n\t\t\t\t\t\t\t\t\t<\/li>\n\t\t\t\t\t\t\t\t<li class=\"elementor-icon-list-item\">\n\t\t\t\t\t\t\t\t\t\t\t<span class=\"elementor-icon-list-icon\">\n\t\t\t\t\t\t\t<svg xmlns=\"http:\/\/www.w3.org\/2000\/svg\" id=\"aa2d14e5-1688-42e9-8240-8d1bbb427367\" data-name=\"Layer 1\" width=\"9\" height=\"10\" viewbox=\"0 0 9 10\"><g id=\"a0c98791-756b-42b0-b163-ecedf0504ecc\" data-name=\"Landing-Chosen-Page\"><g id=\"ba6d7fa8-2208-4d73-a24e-af51559ab399\" data-name=\"Webinar-Landing-Page-Design\"><g id=\"b6b491e5-1319-4730-82f7-e083dc2f4cbb\" data-name=\"Group-6\"><g id=\"afae180f-7e8a-4548-add7-b74b1731cf47\" data-name=\"Group-5\"><polygon id=\"f81b5b3b-cc72-4319-a434-67c503dc0647\" data-name=\"Triangle\" points=\"9 5 0 10 0 0 9 5\" style=\"fill-rule:evenodd\"><\/polygon><\/g><\/g><\/g><\/g><\/svg>\t\t\t\t\t\t<\/span>\n\t\t\t\t\t\t\t\t\t\t<span class=\"elementor-icon-list-text\">Hvordan n\u00e5 ut til kundene dine? Vi ser p\u00e5 generell markedsf\u00f8ring og salg. <\/span>\n\t\t\t\t\t\t\t\t\t<\/li>\n\t\t\t\t\t\t\t\t<li class=\"elementor-icon-list-item\">\n\t\t\t\t\t\t\t\t\t\t\t<span class=\"elementor-icon-list-icon\">\n\t\t\t\t\t\t\t<svg xmlns=\"http:\/\/www.w3.org\/2000\/svg\" id=\"aa2d14e5-1688-42e9-8240-8d1bbb427367\" data-name=\"Layer 1\" width=\"9\" height=\"10\" viewbox=\"0 0 9 10\"><g id=\"a0c98791-756b-42b0-b163-ecedf0504ecc\" data-name=\"Landing-Chosen-Page\"><g id=\"ba6d7fa8-2208-4d73-a24e-af51559ab399\" data-name=\"Webinar-Landing-Page-Design\"><g id=\"b6b491e5-1319-4730-82f7-e083dc2f4cbb\" data-name=\"Group-6\"><g id=\"afae180f-7e8a-4548-add7-b74b1731cf47\" data-name=\"Group-5\"><polygon id=\"f81b5b3b-cc72-4319-a434-67c503dc0647\" data-name=\"Triangle\" points=\"9 5 0 10 0 0 9 5\" style=\"fill-rule:evenodd\"><\/polygon><\/g><\/g><\/g><\/g><\/svg>\t\t\t\t\t\t<\/span>\n\t\t\t\t\t\t\t\t\t\t<span class=\"elementor-icon-list-text\">Ikke f\u00e5 panikk! Vi legger en strategi. <\/span>\n\t\t\t\t\t\t\t\t\t<\/li>\n\t\t\t\t\t\t<\/ul>\n\t\t\t\t\t\t<\/div>\n\t\t\t\t<\/div>\n\t\t\t\t\t<\/div>\n\t\t<\/div>\n\t\t\t\t\t<\/div>\n\t\t<\/section>\n\t\t\t\t\t<\/div>\n\t\t<\/div>\n\t\t\t\t\t<\/div>\n\t\t<\/section>\n\t\t\t\t<section class=\"elementor-section elementor-top-section elementor-element elementor-element-3f0ed92 elementor-section-boxed elementor-section-height-default elementor-section-height-default\" data-id=\"3f0ed92\" data-element_type=\"section\" data-e-type=\"section\" data-settings=\"{&quot;background_background&quot;:&quot;classic&quot;}\">\n\t\t\t\t\t\t<div class=\"elementor-container elementor-column-gap-default\">\n\t\t\t\t\t<div class=\"elementor-column elementor-col-100 elementor-top-column elementor-element elementor-element-cab22c4\" data-id=\"cab22c4\" data-element_type=\"column\" data-e-type=\"column\">\n\t\t\t<div class=\"elementor-widget-wrap elementor-element-populated\">\n\t\t\t\t\t\t<div class=\"elementor-element elementor-element-6f0f54c elementor-position-left elementor-vertical-align-middle elementor-widget elementor-widget-image-box\" data-id=\"6f0f54c\" data-element_type=\"widget\" data-e-type=\"widget\" data-widget_type=\"image-box.default\">\n\t\t\t\t<div class=\"elementor-widget-container\">\n\t\t\t\t\t<div class=\"elementor-image-box-wrapper\"><figure class=\"elementor-image-box-img\"><img fetchpriority=\"high\" decoding=\"async\" width=\"768\" height=\"768\" src=\"https:\/\/artess.no\/wp-content\/uploads\/2023\/11\/Profile-Picture-Therese-1-768x768.png\" class=\"attachment-medium_large size-medium_large wp-image-2778\" alt=\"\" srcset=\"https:\/\/artess.no\/wp-content\/uploads\/2023\/11\/Profile-Picture-Therese-1-768x768.png 768w, https:\/\/artess.no\/wp-content\/uploads\/2023\/11\/Profile-Picture-Therese-1-300x300.png 300w, https:\/\/artess.no\/wp-content\/uploads\/2023\/11\/Profile-Picture-Therese-1-1024x1024.png 1024w, https:\/\/artess.no\/wp-content\/uploads\/2023\/11\/Profile-Picture-Therese-1-150x150.png 150w, https:\/\/artess.no\/wp-content\/uploads\/2023\/11\/Profile-Picture-Therese-1-12x12.png 12w, https:\/\/artess.no\/wp-content\/uploads\/2023\/11\/elementor\/thumbs\/Profile-Picture-Therese-1-qi203lsmisp22qb5mwn2l9c8vgcl00rgsjwa824v48.png 500w, https:\/\/artess.no\/wp-content\/uploads\/2023\/11\/Profile-Picture-Therese-1.png 1080w\" sizes=\"(max-width: 768px) 100vw, 768px\" \/><\/figure><div class=\"elementor-image-box-content\"><h3 class=\"elementor-image-box-title\">Therese Johannessen<\/h3><p class=\"elementor-image-box-description\">Therese er den kreative hjernen bak Artess og sjefen for Bryllupshjelperen AS. Med erfaring som teknisk kreativ markedsguru i B2B-markedet, sjonglerer hun ogs\u00e5 med sitt eget kunstneriske rike. Therese forener teknologi og kreativitet, og guider andre til \u00e5 leve av dr\u00f8mmene sine.<\/p><\/div><\/div>\t\t\t\t<\/div>\n\t\t\t\t<\/div>\n\t\t\t\t<section class=\"elementor-section elementor-inner-section elementor-element elementor-element-ba8d872 elementor-section-boxed elementor-section-height-default elementor-section-height-default\" data-id=\"ba8d872\" data-element_type=\"section\" data-e-type=\"section\">\n\t\t\t\t\t\t<div class=\"elementor-container elementor-column-gap-default\">\n\t\t\t\t\t<div class=\"elementor-column elementor-col-50 elementor-inner-column elementor-element elementor-element-79742c4\" data-id=\"79742c4\" data-element_type=\"column\" data-e-type=\"column\">\n\t\t\t<div class=\"elementor-widget-wrap\">\n\t\t\t\t\t\t\t<\/div>\n\t\t<\/div>\n\t\t\t\t<div class=\"elementor-column elementor-col-50 elementor-inner-column elementor-element elementor-element-31fcc75\" data-id=\"31fcc75\" data-element_type=\"column\" data-e-type=\"column\">\n\t\t\t<div class=\"elementor-widget-wrap\">\n\t\t\t\t\t\t\t<\/div>\n\t\t<\/div>\n\t\t\t\t\t<\/div>\n\t\t<\/section>\n\t\t\t\t\t<\/div>\n\t\t<\/div>\n\t\t\t\t\t<\/div>\n\t\t<\/section>\n\t\t\t\t<section class=\"elementor-section elementor-top-section elementor-element elementor-element-299f10be elementor-section-height-min-height elementor-section-content-middle elementor-section-boxed elementor-section-height-default elementor-section-items-middle\" data-id=\"299f10be\" data-element_type=\"section\" data-e-type=\"section\" data-settings=\"{&quot;background_background&quot;:&quot;classic&quot;}\">\n\t\t\t\t\t\t<div class=\"elementor-container elementor-column-gap-no\">\n\t\t\t\t\t<div class=\"elementor-column elementor-col-50 elementor-top-column elementor-element elementor-element-4cae65e3\" data-id=\"4cae65e3\" data-element_type=\"column\" data-e-type=\"column\">\n\t\t\t<div class=\"elementor-widget-wrap elementor-element-populated\">\n\t\t\t\t\t\t<div class=\"elementor-element elementor-element-72e37237 elementor-widget elementor-widget-image\" data-id=\"72e37237\" data-element_type=\"widget\" data-e-type=\"widget\" data-widget_type=\"image.default\">\n\t\t\t\t<div class=\"elementor-widget-container\">\n\t\t\t\t\t\t\t\t\t\t\t\t\t\t\t<img decoding=\"async\" width=\"787\" height=\"510\" data-src=\"https:\/\/artess.no\/wp-content\/uploads\/2020\/12\/copper-front-1-ou7twpxvfymdukragkpd49i8dxigbosqxx7l2x0wq4.png\" class=\"attachment-large size-large wp-image-23 lazyload\" alt=\"artess logo - copper\" data-srcset=\"https:\/\/artess.no\/wp-content\/uploads\/2020\/12\/copper-front-1-ou7twpxvfymdukragkpd49i8dxigbosqxx7l2x0wq4.png 787w, https:\/\/artess.no\/wp-content\/uploads\/2020\/12\/copper-front-1-ou7twpxvfymdukragkpd49i8dxigbosqxx7l2x0wq4-300x194.png 300w, https:\/\/artess.no\/wp-content\/uploads\/2020\/12\/copper-front-1-ou7twpxvfymdukragkpd49i8dxigbosqxx7l2x0wq4-768x498.png 768w\" data-sizes=\"auto\" src=\"data:image\/svg+xml;base64,PHN2ZyB3aWR0aD0iMSIgaGVpZ2h0PSIxIiB4bWxucz0iaHR0cDovL3d3dy53My5vcmcvMjAwMC9zdmciPjwvc3ZnPg==\" style=\"--smush-placeholder-width: 787px; --smush-placeholder-aspect-ratio: 787\/510;\" data-original-sizes=\"(max-width: 787px) 100vw, 787px\" \/>\t\t\t\t\t\t\t\t\t\t\t\t\t\t\t<\/div>\n\t\t\t\t<\/div>\n\t\t\t\t\t<\/div>\n\t\t<\/div>\n\t\t\t\t<div class=\"elementor-column elementor-col-50 elementor-top-column elementor-element elementor-element-3cfc4ef7\" data-id=\"3cfc4ef7\" data-element_type=\"column\" data-e-type=\"column\">\n\t\t\t<div class=\"elementor-widget-wrap elementor-element-populated\">\n\t\t\t\t\t\t<div class=\"elementor-element elementor-element-41967f90 e-grid-align-right elementor-widget__width-auto e-grid-align-mobile-center elementor-widget-mobile__width-auto elementor-shape-rounded elementor-grid-0 elementor-widget elementor-widget-social-icons\" data-id=\"41967f90\" data-element_type=\"widget\" data-e-type=\"widget\" data-widget_type=\"social-icons.default\">\n\t\t\t\t<div class=\"elementor-widget-container\">\n\t\t\t\t\t\t\t<div class=\"elementor-social-icons-wrapper elementor-grid\" role=\"list\">\n\t\t\t\t\t\t\t<span class=\"elementor-grid-item\" role=\"listitem\">\n\t\t\t\t\t<a class=\"elementor-icon elementor-social-icon elementor-social-icon-facebook-f elementor-repeater-item-6e688e7\" href=\"https:\/\/www.facebook.com\/TheArtess\/\" target=\"_blank\">\n\t\t\t\t\t\t<span class=\"elementor-screen-only\">Facebook-f<\/span>\n\t\t\t\t\t\t<i aria-hidden=\"true\" class=\"fab fa-facebook-f\"><\/i>\t\t\t\t\t<\/a>\n\t\t\t\t<\/span>\n\t\t\t\t\t\t\t<span class=\"elementor-grid-item\" role=\"listitem\">\n\t\t\t\t\t<a class=\"elementor-icon elementor-social-icon elementor-social-icon-linkedin-in elementor-repeater-item-449bdb2\" href=\"https:\/\/www.linkedin.com\/in\/theresejohannessen\/\" target=\"_blank\">\n\t\t\t\t\t\t<span class=\"elementor-screen-only\">Linkedin-in<\/span>\n\t\t\t\t\t\t<i aria-hidden=\"true\" class=\"fab fa-linkedin-in\"><\/i>\t\t\t\t\t<\/a>\n\t\t\t\t<\/span>\n\t\t\t\t\t\t\t<span class=\"elementor-grid-item\" role=\"listitem\">\n\t\t\t\t\t<a class=\"elementor-icon elementor-social-icon elementor-social-icon-instagram elementor-repeater-item-f4d3d87\" href=\"https:\/\/www.instagram.com\/theartess\/\" target=\"_blank\">\n\t\t\t\t\t\t<span class=\"elementor-screen-only\">Instagram<\/span>\n\t\t\t\t\t\t<i aria-hidden=\"true\" class=\"fab fa-instagram\"><\/i>\t\t\t\t\t<\/a>\n\t\t\t\t<\/span>\n\t\t\t\t\t<\/div>\n\t\t\t\t\t\t<\/div>\n\t\t\t\t<\/div>\n\t\t\t\t\t<\/div>\n\t\t<\/div>\n\t\t\t\t\t<\/div>\n\t\t<\/section>\n\t\t\t\t<\/div>\n\t\t\t\t<\/div>\n\t\t\t\t\t\t<\/div>\n\t\t\t\t<\/div>\n\t\t\t\t\t<\/div>\n\t\t<\/div>\n\t\t\t\t\t<\/div>\n\t\t<\/section>\n\t\t\t\t<\/div>","protected":false},"excerpt":{"rendered":"","protected":false},"author":2,"featured_media":0,"parent":0,"menu_order":0,"comment_status":"closed","ping_status":"closed","template":"","meta":{"_eb_attr":"","footnotes":""},"class_list":["post-2690","page","type-page","status-publish","hentry"],"yoast_head":"<!-- This site is optimized with the Yoast SEO plugin v26.3 - https:\/\/yoast.com\/wordpress\/plugins\/seo\/ -->\n<title>Kurs - Artess<\/title>\n<meta name=\"robots\" content=\"index, follow, max-snippet:-1, max-image-preview:large, max-video-preview:-1\" \/>\n<link rel=\"canonical\" href=\"https:\/\/artess.no\/en_gb\/kurs\/\" \/>\n<meta property=\"og:locale\" content=\"en_GB\" \/>\n<meta property=\"og:type\" content=\"article\" \/>\n<meta property=\"og:title\" content=\"Kurs - Artess\" \/>\n<meta property=\"og:url\" content=\"https:\/\/artess.no\/en_gb\/kurs\/\" \/>\n<meta property=\"og:site_name\" content=\"Artess\" \/>\n<meta property=\"article:modified_time\" content=\"2024-01-09T12:27:59+00:00\" \/>\n<meta name=\"twitter:card\" content=\"summary_large_image\" \/>\n<meta name=\"twitter:label1\" content=\"Estimated reading time\" \/>\n\t<meta name=\"twitter:data1\" content=\"3 minutes\" \/>\n<script type=\"application\/ld+json\" class=\"yoast-schema-graph\">{\"@context\":\"https:\/\/schema.org\",\"@graph\":[{\"@type\":\"WebPage\",\"@id\":\"https:\/\/artess.no\/kurs\/\",\"url\":\"https:\/\/artess.no\/kurs\/\",\"name\":\"Kurs - Artess\",\"isPartOf\":{\"@id\":\"https:\/\/artess.no\/#website\"},\"datePublished\":\"2023-11-08T14:17:48+00:00\",\"dateModified\":\"2024-01-09T12:27:59+00:00\",\"breadcrumb\":{\"@id\":\"https:\/\/artess.no\/kurs\/#breadcrumb\"},\"inLanguage\":\"en-GB\",\"potentialAction\":[{\"@type\":\"ReadAction\",\"target\":[\"https:\/\/artess.no\/kurs\/\"]}]},{\"@type\":\"BreadcrumbList\",\"@id\":\"https:\/\/artess.no\/kurs\/#breadcrumb\",\"itemListElement\":[{\"@type\":\"ListItem\",\"position\":1,\"name\":\"Hjem\",\"item\":\"https:\/\/artess.no\/\"},{\"@type\":\"ListItem\",\"position\":2,\"name\":\"Kurs\"}]},{\"@type\":\"WebSite\",\"@id\":\"https:\/\/artess.no\/#website\",\"url\":\"https:\/\/artess.no\/\",\"name\":\"Artess\",\"description\":\"Nordic art\",\"publisher\":{\"@id\":\"https:\/\/artess.no\/#organization\"},\"potentialAction\":[{\"@type\":\"SearchAction\",\"target\":{\"@type\":\"EntryPoint\",\"urlTemplate\":\"https:\/\/artess.no\/?s={search_term_string}\"},\"query-input\":{\"@type\":\"PropertyValueSpecification\",\"valueRequired\":true,\"valueName\":\"search_term_string\"}}],\"inLanguage\":\"en-GB\"},{\"@type\":\"Organization\",\"@id\":\"https:\/\/artess.no\/#organization\",\"name\":\"Artess\",\"url\":\"https:\/\/artess.no\/\",\"logo\":{\"@type\":\"ImageObject\",\"inLanguage\":\"en-GB\",\"@id\":\"https:\/\/artess.no\/#\/schema\/logo\/image\/\",\"url\":\"https:\/\/artess.no\/wp-content\/uploads\/2020\/12\/logo_blaa.png\",\"contentUrl\":\"https:\/\/artess.no\/wp-content\/uploads\/2020\/12\/logo_blaa.png\",\"width\":1684,\"height\":1091,\"caption\":\"Artess\"},\"image\":{\"@id\":\"https:\/\/artess.no\/#\/schema\/logo\/image\/\"}}]}<\/script>\n<!-- \/ Yoast SEO plugin. -->","yoast_head_json":{"title":"Kurs - Artess","robots":{"index":"index","follow":"follow","max-snippet":"max-snippet:-1","max-image-preview":"max-image-preview:large","max-video-preview":"max-video-preview:-1"},"canonical":"https:\/\/artess.no\/en_gb\/kurs\/","og_locale":"en_GB","og_type":"article","og_title":"Kurs - Artess","og_url":"https:\/\/artess.no\/en_gb\/kurs\/","og_site_name":"Artess","article_modified_time":"2024-01-09T12:27:59+00:00","twitter_card":"summary_large_image","twitter_misc":{"Estimated reading time":"3 minutes"},"schema":{"@context":"https:\/\/schema.org","@graph":[{"@type":"WebPage","@id":"https:\/\/artess.no\/kurs\/","url":"https:\/\/artess.no\/kurs\/","name":"Kurs - Artess","isPartOf":{"@id":"https:\/\/artess.no\/#website"},"datePublished":"2023-11-08T14:17:48+00:00","dateModified":"2024-01-09T12:27:59+00:00","breadcrumb":{"@id":"https:\/\/artess.no\/kurs\/#breadcrumb"},"inLanguage":"en-GB","potentialAction":[{"@type":"ReadAction","target":["https:\/\/artess.no\/kurs\/"]}]},{"@type":"BreadcrumbList","@id":"https:\/\/artess.no\/kurs\/#breadcrumb","itemListElement":[{"@type":"ListItem","position":1,"name":"Hjem","item":"https:\/\/artess.no\/"},{"@type":"ListItem","position":2,"name":"Kurs"}]},{"@type":"WebSite","@id":"https:\/\/artess.no\/#website","url":"https:\/\/artess.no\/","name":"Artess","description":"Nordic art","publisher":{"@id":"https:\/\/artess.no\/#organization"},"potentialAction":[{"@type":"SearchAction","target":{"@type":"EntryPoint","urlTemplate":"https:\/\/artess.no\/?s={search_term_string}"},"query-input":{"@type":"PropertyValueSpecification","valueRequired":true,"valueName":"search_term_string"}}],"inLanguage":"en-GB"},{"@type":"Organization","@id":"https:\/\/artess.no\/#organization","name":"Artess","url":"https:\/\/artess.no\/","logo":{"@type":"ImageObject","inLanguage":"en-GB","@id":"https:\/\/artess.no\/#\/schema\/logo\/image\/","url":"https:\/\/artess.no\/wp-content\/uploads\/2020\/12\/logo_blaa.png","contentUrl":"https:\/\/artess.no\/wp-content\/uploads\/2020\/12\/logo_blaa.png","width":1684,"height":1091,"caption":"Artess"},"image":{"@id":"https:\/\/artess.no\/#\/schema\/logo\/image\/"}}]}},"_links":{"self":[{"href":"https:\/\/artess.no\/en_gb\/wp-json\/wp\/v2\/pages\/2690","targetHints":{"allow":["GET"]}}],"collection":[{"href":"https:\/\/artess.no\/en_gb\/wp-json\/wp\/v2\/pages"}],"about":[{"href":"https:\/\/artess.no\/en_gb\/wp-json\/wp\/v2\/types\/page"}],"author":[{"embeddable":true,"href":"https:\/\/artess.no\/en_gb\/wp-json\/wp\/v2\/users\/2"}],"replies":[{"embeddable":true,"href":"https:\/\/artess.no\/en_gb\/wp-json\/wp\/v2\/comments?post=2690"}],"version-history":[{"count":0,"href":"https:\/\/artess.no\/en_gb\/wp-json\/wp\/v2\/pages\/2690\/revisions"}],"wp:attachment":[{"href":"https:\/\/artess.no\/en_gb\/wp-json\/wp\/v2\/media?parent=2690"}],"curies":[{"name":"wp","href":"https:\/\/api.w.org\/{rel}","templated":true}]}}